{"id":55,"date":"2023-09-07T17:03:09","date_gmt":"2023-09-07T15:03:09","guid":{"rendered":"https:\/\/thueringer-jagdschule.de\/?page_id=55"},"modified":"2023-10-10T17:46:27","modified_gmt":"2023-10-10T15:46:27","slug":"ausbilder","status":"publish","type":"page","link":"https:\/\/thueringer-jagdschule.de\/?page_id=55","title":{"rendered":"Ausbilder"},"content":{"rendered":"<p>[vc_row][vc_column][vc_single_image image=&#8220;32&#8243; img_size=&#8220;full&#8220; alignment=&#8220;center&#8220;][vc_separator][vc_column_text css_animation=&#8220;none&#8220;]<\/p>\n<table width=\"735\">\n<tbody>\n<tr>\n<td width=\"309\">\n<h3><strong>Ausbilder<\/strong><\/h3>\n<\/td>\n<td width=\"426\">\n<h3><strong>Fachbereich<\/strong><\/h3>\n<\/td>\n<\/tr>\n<tr>\n<td width=\"309\"><\/td>\n<td width=\"426\"><\/td>\n<\/tr>\n<tr>\n<td width=\"309\">Dr. Sporn<\/td>\n<td width=\"426\">Wildkrankheiten, Lebensmittel, Wildbrethhygiene, Kundiger J\u00e4ger<\/td>\n<\/tr>\n<tr>\n<td width=\"309\">C.-Ch. Bittorf, Thomas Schmidt<\/td>\n<td width=\"426\">Jagdwaffenkunde<\/td>\n<\/tr>\n<tr>\n<td width=\"309\">B. Germann<\/td>\n<td width=\"426\">Bau jagdlicher Einrichtungen<\/td>\n<\/tr>\n<tr>\n<td width=\"309\">M. Heyder<\/td>\n<td width=\"426\">Jagdhunde, Hirschartige, Boviden<\/td>\n<\/tr>\n<tr>\n<td width=\"309\">D. Keiner<\/td>\n<td width=\"426\">Wurftaube B\u00fcchsen<\/td>\n<\/tr>\n<tr>\n<td width=\"309\">F. Kilian<\/td>\n<td width=\"426\">B\u00fcchsen- und Kurzwaffenschie\u00dfen<\/td>\n<\/tr>\n<tr>\n<td width=\"309\">H. M\u00e4urer<\/td>\n<td width=\"426\">Fallenjagd<\/td>\n<\/tr>\n<tr>\n<td width=\"309\">Romy Wei\u00dfheit<\/td>\n<td width=\"426\">Wald- und Landbau, Jagdpraxis, Hege des Wildes, jagdliches Brauchtum<\/td>\n<\/tr>\n<tr>\n<td width=\"309\">Jan Wetzenstein<\/td>\n<td width=\"426\">Natur- und Umweltschutz, Jagdrecht, Federwild, Hasenartige, Haarraubwild, Schwarzwild, Rehwild<\/td>\n<\/tr>\n<tr>\n<td width=\"309\"><\/td>\n<td width=\"426\"><\/td>\n<\/tr>\n<\/tbody>\n<\/table>\n<p>[\/vc_column_text][\/vc_column][\/vc_row][vc_row][vc_column][vc_gallery type=&#8220;nivo&#8220; interval=&#8220;3&#8243; images=&#8220;469,470,471,472&#8243; img_size=&#8220;full&#8220;][\/vc_column][\/vc_row]<\/p>\n","protected":false},"excerpt":{"rendered":"<p>[vc_row][vc_column][vc_single_image image=&#8220;32&#8243; img_size=&#8220;full&#8220; alignment=&#8220;center&#8220;][vc_separator][vc_column_text css_animation=&#8220;none&#8220;] Ausbilder Fachbereich Dr. Sporn Wildkrankheiten, Lebensmittel, Wildbrethhygiene, Kundiger J\u00e4ger C.-Ch. Bittorf, Thomas Schmidt Jagdwaffenkunde B. Germann Bau jagdlicher Einrichtungen M. Heyder Jagdhunde, Hirschartige, Boviden D. Keiner Wurftaube B\u00fcchsen F. Kilian B\u00fcchsen- und Kurzwaffenschie\u00dfen H. M\u00e4urer Fallenjagd Romy Wei\u00dfheit Wald- und Landbau, Jagdpraxis, Hege des Wildes, jagdliches Brauchtum Jan Wetzenstein Natur- [&hellip;]<\/p>\n","protected":false},"author":1,"featured_media":0,"parent":0,"menu_order":0,"comment_status":"closed","ping_status":"closed","template":"templates\/template-page-full-width.php","meta":{"footnotes":""},"class_list":["post-55","page","type-page","status-publish","hentry"],"_links":{"self":[{"href":"https:\/\/thueringer-jagdschule.de\/index.php?rest_route=\/wp\/v2\/pages\/55","targetHints":{"allow":["GET"]}}],"collection":[{"href":"https:\/\/thueringer-jagdschule.de\/index.php?rest_route=\/wp\/v2\/pages"}],"about":[{"href":"https:\/\/thueringer-jagdschule.de\/index.php?rest_route=\/wp\/v2\/types\/page"}],"author":[{"embeddable":true,"href":"https:\/\/thueringer-jagdschule.de\/index.php?rest_route=\/wp\/v2\/users\/1"}],"replies":[{"embeddable":true,"href":"https:\/\/thueringer-jagdschule.de\/index.php?rest_route=%2Fwp%2Fv2%2Fcomments&post=55"}],"version-history":[{"count":16,"href":"https:\/\/thueringer-jagdschule.de\/index.php?rest_route=\/wp\/v2\/pages\/55\/revisions"}],"predecessor-version":[{"id":473,"href":"https:\/\/thueringer-jagdschule.de\/index.php?rest_route=\/wp\/v2\/pages\/55\/revisions\/473"}],"wp:attachment":[{"href":"https:\/\/thueringer-jagdschule.de\/index.php?rest_route=%2Fwp%2Fv2%2Fmedia&parent=55"}],"curies":[{"name":"wp","href":"https:\/\/api.w.org\/{rel}","templated":true}]}}