{"id":64,"date":"2023-09-07T17:18:37","date_gmt":"2023-09-07T15:18:37","guid":{"rendered":"https:\/\/thueringer-jagdschule.de\/?page_id=64"},"modified":"2023-10-10T17:31:36","modified_gmt":"2023-10-10T15:31:36","slug":"lehrgaenge","status":"publish","type":"page","link":"https:\/\/thueringer-jagdschule.de\/?page_id=64","title":{"rendered":"Lehrg\u00e4nge"},"content":{"rendered":"<p>[vc_row][vc_column][vc_row_inner][vc_column_inner][vc_custom_heading text=&#8220;Voraussetzungen f\u00fcr die Anmeldung zur J\u00e4gerpr\u00fcfung in Th\u00fcringen&#8220; font_container=&#8220;tag:h2|text_align:center|color:%2381d742&#8243; use_theme_fonts=&#8220;yes&#8220;][vc_separator][vc_column_text]<span style=\"color: #000080;\">Die Anmeldung zur J\u00e4gerpr\u00fcfung in Th\u00fcringen muss in schriftlicher Form bis sp\u00e4testens vier Wochen vor dem festgesetzten Pr\u00fcfungstermin erfolgen.<\/span><\/p>\n<p>Voraussetzungen f\u00fcr die J\u00e4gerpr\u00fcfung in Th\u00fcringen sind:<\/p>\n<ul>\n<li>bei Minderj\u00e4hrigen die Vollendung des 15. Lebensjahres bis Pr\u00fcfungsbeginn und die schriftliche Einverst\u00e4ndniserkl\u00e4rung des gesetzlichen Vertreters<\/li>\n<li>Nachweis \u00fcber die Einzahlung der Pr\u00fcfungsgeb\u00fchren<\/li>\n<li>Nachweis \u00fcber die Teilnahme an einem Ausbildungslehrgang von mindestens 130 Stunden<\/li>\n<li>Schie\u00dfleistungsnachweis<\/li>\n<li>Nachweis einer Haftpflichtversicherung f\u00fcr den Waffengebrauch<\/li>\n<\/ul>\n<p>[\/vc_column_text][\/vc_column_inner][\/vc_row_inner][\/vc_column][\/vc_row][vc_row][vc_column width=&#8220;2\/3&#8243;][vc_empty_space height=&#8220;64px&#8220;][vc_column_text]<\/p>\n<h4><span id=\"Pruefungsstandorte_in_Thueringen\">Pr\u00fcfungsstandorte in Th\u00fcringen<\/span><\/h4>\n<p>&nbsp;<\/p>\n<p>Die J\u00e4gerpr\u00fcfung wird nach Bedarf durchgef\u00fchrt. Auf der Internetseite des Landesjagdverbandes Th\u00fcringen sind die Termine unter Angabe von Ort, Datum und Uhrzeit einzusehen.<\/p>\n<p>Hier findet dieses Jahr eine J\u00e4gerpr\u00fcfung statt:<\/p>\n<ul>\n<li>Schmalkalden-Meiningen<\/li>\n<li>Saalfeld-Rudolstadt<\/li>\n<li>Sonneberg<\/li>\n<li>Erfurt<\/li>\n<li>Jena<\/li>\n<\/ul>\n<p>Pr\u00fcfungstermine sowie die Abfolge der Pr\u00fcfungsteile werden je nach Bedarf durch die unteren Jagdbeh\u00f6rden individuell festgelegt und an den <em>Landesjagdverband Th\u00fcringen<\/em> zur Ver\u00f6ffentlichung gemeldet.[\/vc_column_text][vc_empty_space height=&#8220;5px&#8220;][vc_btn title=&#8220;Zum Landesjagdverbandes Th\u00fcringen -J\u00e4gerpr\u00fcfung -&#8220; style=&#8220;outline&#8220; color=&#8220;success&#8220; align=&#8220;right&#8220; i_icon_fontawesome=&#8220;fas fa-angle-double-right&#8220; add_icon=&#8220;true&#8220; link=&#8220;url:https%3A%2F%2Fwww.ljv-thueringen.de%2Fjagdwild%2Fjaegerpruefung%2F|target:_blank|rel:nofollow&#8220;][\/vc_column][vc_column width=&#8220;1\/3&#8243;][vc_empty_space height=&#8220;72px&#8220;][vc_single_image image=&#8220;465&#8243; img_size=&#8220;full&#8220; alignment=&#8220;right&#8220; style=&#8220;vc_box_shadow_3d&#8220;][\/vc_column][\/vc_row]<\/p>\n","protected":false},"excerpt":{"rendered":"<p>[vc_row][vc_column][vc_row_inner][vc_column_inner][vc_custom_heading text=&#8220;Voraussetzungen f\u00fcr die Anmeldung zur J\u00e4gerpr\u00fcfung in Th\u00fcringen&#8220; font_container=&#8220;tag:h2|text_align:center|color:%2381d742&#8243; use_theme_fonts=&#8220;yes&#8220;][vc_separator][vc_column_text]Die Anmeldung zur J\u00e4gerpr\u00fcfung in Th\u00fcringen muss in schriftlicher Form bis sp\u00e4testens vier Wochen vor dem festgesetzten Pr\u00fcfungstermin erfolgen. Voraussetzungen f\u00fcr die J\u00e4gerpr\u00fcfung in Th\u00fcringen sind: bei Minderj\u00e4hrigen die Vollendung des 15. Lebensjahres bis Pr\u00fcfungsbeginn und die schriftliche Einverst\u00e4ndniserkl\u00e4rung des gesetzlichen Vertreters Nachweis \u00fcber die [&hellip;]<\/p>\n","protected":false},"author":1,"featured_media":0,"parent":0,"menu_order":0,"comment_status":"closed","ping_status":"closed","template":"templates\/template-page-full-width.php","meta":{"footnotes":""},"class_list":["post-64","page","type-page","status-publish","hentry"],"_links":{"self":[{"href":"https:\/\/thueringer-jagdschule.de\/index.php?rest_route=\/wp\/v2\/pages\/64","targetHints":{"allow":["GET"]}}],"collection":[{"href":"https:\/\/thueringer-jagdschule.de\/index.php?rest_route=\/wp\/v2\/pages"}],"about":[{"href":"https:\/\/thueringer-jagdschule.de\/index.php?rest_route=\/wp\/v2\/types\/page"}],"author":[{"embeddable":true,"href":"https:\/\/thueringer-jagdschule.de\/index.php?rest_route=\/wp\/v2\/users\/1"}],"replies":[{"embeddable":true,"href":"https:\/\/thueringer-jagdschule.de\/index.php?rest_route=%2Fwp%2Fv2%2Fcomments&post=64"}],"version-history":[{"count":33,"href":"https:\/\/thueringer-jagdschule.de\/index.php?rest_route=\/wp\/v2\/pages\/64\/revisions"}],"predecessor-version":[{"id":466,"href":"https:\/\/thueringer-jagdschule.de\/index.php?rest_route=\/wp\/v2\/pages\/64\/revisions\/466"}],"wp:attachment":[{"href":"https:\/\/thueringer-jagdschule.de\/index.php?rest_route=%2Fwp%2Fv2%2Fmedia&parent=64"}],"curies":[{"name":"wp","href":"https:\/\/api.w.org\/{rel}","templated":true}]}}