{"id":74,"date":"2023-09-07T17:23:00","date_gmt":"2023-09-07T15:23:00","guid":{"rendered":"https:\/\/thueringer-jagdschule.de\/?page_id=74"},"modified":"2023-10-08T17:18:11","modified_gmt":"2023-10-08T15:18:11","slug":"schiessausbildung","status":"publish","type":"page","link":"https:\/\/thueringer-jagdschule.de\/?page_id=74","title":{"rendered":"Schie\u00dfausbildung"},"content":{"rendered":"<p>[vc_row][vc_column][vc_column_text]<\/p>\n<table style=\"border-collapse: collapse; width: 100%; height: 96px;\">\n<tbody>\n<tr style=\"height: 24px;\">\n<td style=\"width: 41.1708%; height: 24px; text-align: center;\"><img loading=\"lazy\" decoding=\"async\" class=\"aligncenter wp-image-234 size-medium\" src=\"https:\/\/thueringer-jagdschule.de\/wp-content\/uploads\/2023\/09\/Schiessausbildung-1-300x225.jpg\" alt=\"\" width=\"300\" height=\"225\" srcset=\"https:\/\/thueringer-jagdschule.de\/wp-content\/uploads\/2023\/09\/Schiessausbildung-1-300x225.jpg 300w, https:\/\/thueringer-jagdschule.de\/wp-content\/uploads\/2023\/09\/Schiessausbildung-1.jpg 667w\" sizes=\"auto, (max-width: 300px) 100vw, 300px\" \/><\/td>\n<td style=\"width: 9.13417%; height: 24px;\"><\/td>\n<td style=\"width: 49.6949%; height: 24px; text-align: center;\"><img loading=\"lazy\" decoding=\"async\" class=\"aligncenter wp-image-235 size-medium\" src=\"https:\/\/thueringer-jagdschule.de\/wp-content\/uploads\/2023\/09\/Schiessausbildung-2-300x225.jpg\" alt=\"\" width=\"300\" height=\"225\" srcset=\"https:\/\/thueringer-jagdschule.de\/wp-content\/uploads\/2023\/09\/Schiessausbildung-2-300x225.jpg 300w, https:\/\/thueringer-jagdschule.de\/wp-content\/uploads\/2023\/09\/Schiessausbildung-2.jpg 667w\" sizes=\"auto, (max-width: 300px) 100vw, 300px\" \/><\/td>\n<\/tr>\n<tr style=\"height: 24px;\">\n<td style=\"width: 41.1708%; height: 24px; text-align: center;\">Das Training im Wurftaubenschie\u00dfen erfolgt<\/td>\n<td style=\"width: 9.13417%; height: 24px;\"><\/td>\n<td style=\"width: 49.6949%; height: 24px; text-align: center;\">F\u00fcr das B\u00fcchsen- und Kurzwaffenschie\u00dfen steht uns<\/td>\n<\/tr>\n<tr style=\"height: 24px;\">\n<td style=\"width: 41.1708%; height: 24px; text-align: center;\"><img loading=\"lazy\" decoding=\"async\" class=\"aligncenter wp-image-236 size-medium\" src=\"https:\/\/thueringer-jagdschule.de\/wp-content\/uploads\/2023\/09\/Schiessausbildung-3-300x225.jpg\" alt=\"\" width=\"300\" height=\"225\" srcset=\"https:\/\/thueringer-jagdschule.de\/wp-content\/uploads\/2023\/09\/Schiessausbildung-3-300x225.jpg 300w, https:\/\/thueringer-jagdschule.de\/wp-content\/uploads\/2023\/09\/Schiessausbildung-3.jpg 667w\" sizes=\"auto, (max-width: 300px) 100vw, 300px\" \/><\/td>\n<td style=\"width: 9.13417%; height: 24px;\"><\/td>\n<td style=\"width: 49.6949%; height: 24px; text-align: center;\"><img loading=\"lazy\" decoding=\"async\" class=\"aligncenter wp-image-233 size-medium\" src=\"https:\/\/thueringer-jagdschule.de\/wp-content\/uploads\/2023\/09\/Schiessausbildung-4-300x225.jpg\" alt=\"\" width=\"300\" height=\"225\" srcset=\"https:\/\/thueringer-jagdschule.de\/wp-content\/uploads\/2023\/09\/Schiessausbildung-4-300x225.jpg 300w, https:\/\/thueringer-jagdschule.de\/wp-content\/uploads\/2023\/09\/Schiessausbildung-4.jpg 667w\" sizes=\"auto, (max-width: 300px) 100vw, 300px\" \/><\/td>\n<\/tr>\n<tr style=\"height: 24px;\">\n<td style=\"width: 41.1708%; height: 24px; text-align: center;\">beim <a href=\"https:\/\/schuetzenverein-diana-ostheim.de.tl\/\" target=\"_blank\" rel=\"noopener\">Sch\u00fctzenverein &#8211; Diana<\/a> in Ostheim v.d. Rh\u00f6n.<\/td>\n<td style=\"width: 9.13417%; height: 24px;\"><\/td>\n<td style=\"width: 49.6949%; height: 24px; text-align: center;\">der <a href=\"https:\/\/www.schuetzenverein-suelzfeld.de\" target=\"_blank\" rel=\"noopener\">Schie\u00dfstand<\/a> in S\u00fclzfeld zur Verf\u00fcgung.<\/td>\n<\/tr>\n<\/tbody>\n<\/table>\n<p>[\/vc_column_text][\/vc_column][\/vc_row][vc_row][vc_column][vc_column_text]<\/p>\n<h5>Folgende Anforderungen gelten f\u00fcr die Schie\u00dfausbildung<\/h5>\n<p>&nbsp;<\/p>\n<p>In Th\u00fcringen muss die Schie\u00dfausbildung bestimmte Anforderungen erf\u00fcllen, damit man zur J\u00e4gerpr\u00fcfung zugelassen wird. In der Schie\u00dfausbildung der Jagdschule muss;<\/p>\n<ul>\n<li>50 Schuss auf einen fl\u00fcchtigen \u00dcberl\u00e4ufer,<\/li>\n<li>12 Schuss auf 4 Filmsequenzen,<\/li>\n<li>20 Schuss mit der Pistole und<\/li>\n<li>20 Schuss mit Revolver<\/li>\n<\/ul>\n<p>abgegeben werden.<\/p>\n<p>In der praktischen Ausbildung steht der sichere Umgang mit der Langwaffe (B\u00fcchse und Flinte) und der Kurzwaffe (Pistole und Revolver) an erster Stelle.[\/vc_column_text][vc_separator color=&#8220;turquoise&#8220;][\/vc_column][\/vc_row][vc_row][vc_column width=&#8220;1\/2&#8243;][vc_btn title=&#8220;Der Weg zum Jagdschein.pdf&#8220; style=&#8220;3d&#8220; color=&#8220;success&#8220; size=&#8220;sm&#8220; align=&#8220;left&#8220; link=&#8220;url:https%3A%2F%2Fthueringer-jagdschule.de%2Fwp-content%2Fuploads%2F2023%2F09%2F2017-01-Broschuere_Weg_zum_Jagdschein.pdf|target:_blank|rel:nofollow&#8220;][\/vc_column][vc_column width=&#8220;1\/2&#8243;][vc_btn title=&#8220;Link zu Jagdschein.com&#8220; style=&#8220;3d&#8220; color=&#8220;success&#8220; size=&#8220;sm&#8220; align=&#8220;right&#8220; link=&#8220;url:https%3A%2F%2Fjagdschein.com%2Fjagdschule%2Fthueringer-jagdschule-der-jaegerschaft-meiningen|target:_blank|rel:nofollow&#8220;][\/vc_column][\/vc_row]<\/p>\n","protected":false},"excerpt":{"rendered":"<p>[vc_row][vc_column][vc_column_text] Das Training im Wurftaubenschie\u00dfen erfolgt F\u00fcr das B\u00fcchsen- und Kurzwaffenschie\u00dfen steht uns beim Sch\u00fctzenverein &#8211; Diana in Ostheim v.d. Rh\u00f6n. der Schie\u00dfstand in S\u00fclzfeld zur Verf\u00fcgung. [\/vc_column_text][\/vc_column][\/vc_row][vc_row][vc_column][vc_column_text] Folgende Anforderungen gelten f\u00fcr die Schie\u00dfausbildung &nbsp; In Th\u00fcringen muss die Schie\u00dfausbildung bestimmte Anforderungen erf\u00fcllen, damit man zur J\u00e4gerpr\u00fcfung zugelassen wird. In der Schie\u00dfausbildung der Jagdschule muss; [&hellip;]<\/p>\n","protected":false},"author":1,"featured_media":0,"parent":0,"menu_order":0,"comment_status":"closed","ping_status":"closed","template":"","meta":{"footnotes":""},"class_list":["post-74","page","type-page","status-publish","hentry"],"_links":{"self":[{"href":"https:\/\/thueringer-jagdschule.de\/index.php?rest_route=\/wp\/v2\/pages\/74","targetHints":{"allow":["GET"]}}],"collection":[{"href":"https:\/\/thueringer-jagdschule.de\/index.php?rest_route=\/wp\/v2\/pages"}],"about":[{"href":"https:\/\/thueringer-jagdschule.de\/index.php?rest_route=\/wp\/v2\/types\/page"}],"author":[{"embeddable":true,"href":"https:\/\/thueringer-jagdschule.de\/index.php?rest_route=\/wp\/v2\/users\/1"}],"replies":[{"embeddable":true,"href":"https:\/\/thueringer-jagdschule.de\/index.php?rest_route=%2Fwp%2Fv2%2Fcomments&post=74"}],"version-history":[{"count":21,"href":"https:\/\/thueringer-jagdschule.de\/index.php?rest_route=\/wp\/v2\/pages\/74\/revisions"}],"predecessor-version":[{"id":458,"href":"https:\/\/thueringer-jagdschule.de\/index.php?rest_route=\/wp\/v2\/pages\/74\/revisions\/458"}],"wp:attachment":[{"href":"https:\/\/thueringer-jagdschule.de\/index.php?rest_route=%2Fwp%2Fv2%2Fmedia&parent=74"}],"curies":[{"name":"wp","href":"https:\/\/api.w.org\/{rel}","templated":true}]}}