{"id":78,"date":"2023-09-07T17:23:27","date_gmt":"2023-09-07T15:23:27","guid":{"rendered":"https:\/\/thueringer-jagdschule.de\/?page_id=78"},"modified":"2023-09-11T00:05:54","modified_gmt":"2023-09-10T22:05:54","slug":"praktische-ausbildung","status":"publish","type":"page","link":"https:\/\/thueringer-jagdschule.de\/?page_id=78","title":{"rendered":"Praktische Ausbildung"},"content":{"rendered":"<p>[vc_row][vc_column][vc_column_text]<span style=\"font-size: 18pt;\">W\u00e4hrend der praktischen Ausbildung werden folgende Inhalte vermittelt:<\/span><\/p>\n<ul>\n<li>Bestimmung der Hauptbaumarten,<\/li>\n<li>Verbisssch\u00e4den im Wald,<\/li>\n<li>Standortwahl f\u00fcr jagdliche Einrichtungen,<\/li>\n<li>Bau jagdlicher Eirichtungen,<\/li>\n<li>Ansprech\u00fcbungen w\u00e4hrend der Jagd,<\/li>\n<li>Verhalten vor und nach dem Schuss,<\/li>\n<li>Bewegungsarten,<\/li>\n<li>Versorgen von erlegtem Wild,<\/li>\n<li>Wildursprungsscheine und F\u00fchren von Streckenlisten,<\/li>\n<li>Altersbestimmung am Unterkiefer,<\/li>\n<li>Beurteilen von Troph\u00e4en\/Alters- &amp; G\u00fcteklassen<\/li>\n<\/ul>\n<p>Durch Revierg\u00e4nge und Exkursionen werden Kenntnisse der Revierpraxis und der Jagdorganisation vermittelt, und das Wissen \u00fcber Flora und Fauna wird entsprechend vertieft. Dazu geh\u00f6ren zum Beispiel das Erkennen von Wild- und Kulturpflanzen, verschiedener Tierf\u00e4hrten und das Verhalten im Revier. Auch die Unfallverh\u00fctungsvorschriften \u2013 etwa beim Bau von Hochsitzen \u2013 spielen eine gro\u00dfe Rolle.<\/p>\n<p>&nbsp;<\/p>\n<p><img loading=\"lazy\" decoding=\"async\" class=\"aligncenter wp-image-207 size-full\" src=\"https:\/\/thueringer-jagdschule.de\/wp-content\/uploads\/2023\/09\/Milseburg1_w_web.jpg\" alt=\"\" width=\"960\" height=\"210\" srcset=\"https:\/\/thueringer-jagdschule.de\/wp-content\/uploads\/2023\/09\/Milseburg1_w_web.jpg 960w, https:\/\/thueringer-jagdschule.de\/wp-content\/uploads\/2023\/09\/Milseburg1_w_web-300x66.jpg 300w, https:\/\/thueringer-jagdschule.de\/wp-content\/uploads\/2023\/09\/Milseburg1_w_web-768x168.jpg 768w\" sizes=\"auto, (max-width: 960px) 100vw, 960px\" \/><\/p>\n<p>&nbsp;<\/p>\n<p><span style=\"font-size: 18pt;\">Die Praxis<\/span><\/p>\n<p><em>Erfahrungen sammeln<\/em><br \/>\nF\u00fcr Jungj\u00e4ger, die nicht mit der Jagd gro\u00df geworden sind, empfiehlt es sich, anfangs einen erfahrenen J\u00e4ger auf der Jagd zu begleiten. Dabei kann das Ansprechen des Wildes in der Praxis ge\u00fcbt werden, und unter Umst\u00e4nden kann man unter fachlicher Anleitung auch schon beim Aufbrechen helfen. Und wer wei\u00df, vielleicht ergibt sich hierbei auch die erste Jagdm\u00f6glichkeit. Wer Anschluss sucht, kann sich an seinen Landesjagd- oder Kreisverband sowie an den Hegering vor Ort wenden.<span style=\"font-size: 14pt; color: #003366;\"><br \/>\n<\/span><\/p>\n<p><em>Jagdgelegenheiten<\/em><br \/>\nAngehende J\u00e4gerinnen und J\u00e4ger, die nicht die M\u00f6glichkeit haben, im Revier von Freunden oder Verwandten zu jagen, k\u00f6nnen nach einem unentgeltlichen oder entgeltlichen Begehungsschein fragen. Wer seinen vierten Jagdschein l\u00f6st und somit kein Jungj\u00e4ger mehr ist, wird pachtf\u00e4hig und kann ein eigenes Jagdrevier pachten.<\/p>\n<p><em>Versagung des Jagdscheins<\/em><br \/>\nWer seine Zuverl\u00e4ssigkeit verliert \u2013 zum Beispiel durch Verurteilung zu mehr als 60 Tagess\u00e4tzen \u2013, dem wird der Jagdschein entzogen. Dies kann zeitlich begrenzt oder dauerhaft sein. Auch grobe Verst\u00f6\u00dfe gegen das Waffen-, Natur- oder Tierschutzgesetz k\u00f6nnen zum Verlust des Jagdscheins f\u00fchren.[\/vc_column_text][\/vc_column][\/vc_row]<\/p>\n","protected":false},"excerpt":{"rendered":"<p>[vc_row][vc_column][vc_column_text]W\u00e4hrend der praktischen Ausbildung werden folgende Inhalte vermittelt: Bestimmung der Hauptbaumarten, Verbisssch\u00e4den im Wald, Standortwahl f\u00fcr jagdliche Einrichtungen, Bau jagdlicher Eirichtungen, Ansprech\u00fcbungen w\u00e4hrend der Jagd, Verhalten vor und nach dem Schuss, Bewegungsarten, Versorgen von erlegtem Wild, Wildursprungsscheine und F\u00fchren von Streckenlisten, Altersbestimmung am Unterkiefer, Beurteilen von Troph\u00e4en\/Alters- &amp; G\u00fcteklassen Durch Revierg\u00e4nge und Exkursionen werden Kenntnisse [&hellip;]<\/p>\n","protected":false},"author":1,"featured_media":0,"parent":0,"menu_order":0,"comment_status":"closed","ping_status":"closed","template":"","meta":{"footnotes":""},"class_list":["post-78","page","type-page","status-publish","hentry"],"_links":{"self":[{"href":"https:\/\/thueringer-jagdschule.de\/index.php?rest_route=\/wp\/v2\/pages\/78","targetHints":{"allow":["GET"]}}],"collection":[{"href":"https:\/\/thueringer-jagdschule.de\/index.php?rest_route=\/wp\/v2\/pages"}],"about":[{"href":"https:\/\/thueringer-jagdschule.de\/index.php?rest_route=\/wp\/v2\/types\/page"}],"author":[{"embeddable":true,"href":"https:\/\/thueringer-jagdschule.de\/index.php?rest_route=\/wp\/v2\/users\/1"}],"replies":[{"embeddable":true,"href":"https:\/\/thueringer-jagdschule.de\/index.php?rest_route=%2Fwp%2Fv2%2Fcomments&post=78"}],"version-history":[{"count":9,"href":"https:\/\/thueringer-jagdschule.de\/index.php?rest_route=\/wp\/v2\/pages\/78\/revisions"}],"predecessor-version":[{"id":211,"href":"https:\/\/thueringer-jagdschule.de\/index.php?rest_route=\/wp\/v2\/pages\/78\/revisions\/211"}],"wp:attachment":[{"href":"https:\/\/thueringer-jagdschule.de\/index.php?rest_route=%2Fwp%2Fv2%2Fmedia&parent=78"}],"curies":[{"name":"wp","href":"https:\/\/api.w.org\/{rel}","templated":true}]}}