{"id":82,"date":"2023-09-07T17:24:02","date_gmt":"2023-09-07T15:24:02","guid":{"rendered":"https:\/\/thueringer-jagdschule.de\/?page_id=82"},"modified":"2023-09-18T22:09:13","modified_gmt":"2023-09-18T20:09:13","slug":"praxistipps","status":"publish","type":"page","link":"https:\/\/thueringer-jagdschule.de\/?page_id=82","title":{"rendered":"Praxistipps"},"content":{"rendered":"<p>[vc_row][vc_column][vc_column_text]<span style=\"color: #000080;\"><span style=\"font-size: 14pt;\">Bau jagdlicher<\/span> <span style=\"font-size: 14pt;\">Einrichtungen<\/span><\/span><\/p>\n<p><span class=\"ILfuVd\" lang=\"de\"><span class=\"hgKElc\">Besondere jagdliche Einrichtungen sind insbesondere Ansitzeinrichtungen, Jagdschirme, Salzlecken und Einrichtungen, die zum F\u00fcttern gem\u00e4\u00df \u00a7 25 Absatz 2 oder Anlocken des Wildes dienen sowie vom Jagdaus\u00fcbungsberechtigten angelegte Wild\u00e4cker.<\/span><\/span><\/p>\n<p>&nbsp;<\/p>\n<p><span style=\"color: #000080;\"><strong><em>Es wird unterteilt nach:<\/em><\/strong><\/span><\/p>\n<ul class=\"i8Z77e\">\n<li class=\"TrT0Xe\">Leitersitze (auch Baumleiter; einfache, teils \u00fcberdachte Leitern mit Sitzgelegenheit, oft angelehnt an B\u00e4ume, teils \u00fcberdacht),<\/li>\n<li class=\"TrT0Xe\">Hochsitze (freistehende Bauweise mit Seitenverblendung, oft mit Dach),<\/li>\n<li class=\"TrT0Xe\">Kanzeln (halboffene und v\u00f6llig geschlossene Hochsitze mit Seitenverblendung und \u00dcberdachung)<\/li>\n<\/ul>\n<p><span style=\"color: #000080;\"><em><strong>Vorteile des Hochsitzes:<\/strong><\/em><\/span><\/p>\n<ul>\n<li>Verbesserte Zielgenauigkeit zum Beispiel durch Gewehrauflagen,<\/li>\n<li>M\u00f6glichkeit gr\u00f6\u00dferer Schussdistanz,<\/li>\n<li>Verringerung von Wildsch\u00e4den durch geringere Beunruhigung des Wildes,<\/li>\n<li>Wetterschutz<\/li>\n<\/ul>\n<p>&nbsp;<\/p>\n<p>&nbsp;<\/p>\n<p><span style=\"color: #000080; font-size: 14pt;\">Leider bieten jagdliche Ansitzeinrichtungen nicht nur Vorteile <\/span><\/p>\n<p><span style=\"color: #000080;\">Die Unf\u00e4lle, die bei der landwirtschaftlichen Berufsgenossenschaft gemeldet und bearbeitet werden, belegen das:<\/span><\/p>\n<table class=\" alignleft\" style=\"height: 72px; width: 100%; border-collapse: collapse;\">\n<tbody>\n<tr style=\"height: 24px;\">\n<td style=\"width: 60.7933%; height: 24px;\">J\u00e4ger fiel von der Leiter, weil Sprosse brach \u2192<\/td>\n<td style=\"width: 37.7383%; height: 24px;\">kompl. Bruch und Prellungen<\/td>\n<\/tr>\n<tr style=\"height: 24px;\">\n<td style=\"width: 60.7933%; height: 24px;\">Morscher Hochsitz st\u00fcrzte mit dem J\u00e4ger um \u2192<\/td>\n<td style=\"width: 37.7383%; height: 24px;\">Genickbruch<\/td>\n<\/tr>\n<tr style=\"height: 24px;\">\n<td style=\"width: 60.7933%; height: 24px;\">Beim Besteigen der Hochsitzleiter abgerutscht \u2192<\/td>\n<td style=\"width: 37.7383%; height: 24px;\">Lebensgef\u00e4hrlich Verletzt<\/td>\n<\/tr>\n<\/tbody>\n<\/table>\n<p>[\/vc_column_text][vc_empty_space][\/vc_column][\/vc_row][vc_row][vc_column][vc_empty_space][vc_column_text]<em>Die Unfallverh\u00fctungsvorschrift<\/em><br \/>\nf\u00fcr die Jagd legt hinsichtlich der Errichtung und Unterhaltung von Ansitzeinrichtungen fest, dass sicherzustellen ist, dass<\/p>\n<ul>\n<li>Hochsitze, ihre Zug\u00e4nge sowie Stege fachgerecht errichtet und mit Einrichtungen gegen das Abst\u00fcrzen von Personen gesichert sind,<\/li>\n<li>bei ortsver\u00e4nderlichen Hochsitzen die Standsicherheit gew\u00e4hrleistet ist,<\/li>\n<li>Hochsitze vor jeder Benutzung, mindestens jedoch einmal j\u00e4hrlich, gepr\u00fcft werden,<\/li>\n<li>nicht mehr ben\u00f6tigte Einrichtungen abgebaut werden.<\/li>\n<\/ul>\n<p><em>Absturzunf\u00e4lle von Hochsitzen<\/em><br \/>\nbilden einen Unfallschwerpunkt im jagdlichen Unfallgeschehen. Mangelhaft ausgef\u00fchrte Aufstiege und insbesondere ungen\u00fcgend befestigte Sprossen sind dabei eine h\u00e4ufige Unfallursache. Kommt zus\u00e4tzlich noch menschliches Fehlverhalten dazu, z.B. eine geladene Waffe beim Aufstieg, endet ein sonst leichter Unfall t\u00f6dlich.[\/vc_column_text][\/vc_column][\/vc_row]<\/p>\n","protected":false},"excerpt":{"rendered":"<p>[vc_row][vc_column][vc_column_text]Bau jagdlicher Einrichtungen Besondere jagdliche Einrichtungen sind insbesondere Ansitzeinrichtungen, Jagdschirme, Salzlecken und Einrichtungen, die zum F\u00fcttern gem\u00e4\u00df \u00a7 25 Absatz 2 oder Anlocken des Wildes dienen sowie vom Jagdaus\u00fcbungsberechtigten angelegte Wild\u00e4cker. &nbsp; Es wird unterteilt nach: Leitersitze (auch Baumleiter; einfache, teils \u00fcberdachte Leitern mit Sitzgelegenheit, oft angelehnt an B\u00e4ume, teils \u00fcberdacht), Hochsitze (freistehende Bauweise mit [&hellip;]<\/p>\n","protected":false},"author":1,"featured_media":0,"parent":0,"menu_order":0,"comment_status":"closed","ping_status":"closed","template":"","meta":{"footnotes":""},"class_list":["post-82","page","type-page","status-publish","hentry"],"_links":{"self":[{"href":"https:\/\/thueringer-jagdschule.de\/index.php?rest_route=\/wp\/v2\/pages\/82","targetHints":{"allow":["GET"]}}],"collection":[{"href":"https:\/\/thueringer-jagdschule.de\/index.php?rest_route=\/wp\/v2\/pages"}],"about":[{"href":"https:\/\/thueringer-jagdschule.de\/index.php?rest_route=\/wp\/v2\/types\/page"}],"author":[{"embeddable":true,"href":"https:\/\/thueringer-jagdschule.de\/index.php?rest_route=\/wp\/v2\/users\/1"}],"replies":[{"embeddable":true,"href":"https:\/\/thueringer-jagdschule.de\/index.php?rest_route=%2Fwp%2Fv2%2Fcomments&post=82"}],"version-history":[{"count":59,"href":"https:\/\/thueringer-jagdschule.de\/index.php?rest_route=\/wp\/v2\/pages\/82\/revisions"}],"predecessor-version":[{"id":435,"href":"https:\/\/thueringer-jagdschule.de\/index.php?rest_route=\/wp\/v2\/pages\/82\/revisions\/435"}],"wp:attachment":[{"href":"https:\/\/thueringer-jagdschule.de\/index.php?rest_route=%2Fwp%2Fv2%2Fmedia&parent=82"}],"curies":[{"name":"wp","href":"https:\/\/api.w.org\/{rel}","templated":true}]}}