{"id":90,"date":"2023-09-07T17:26:21","date_gmt":"2023-09-07T15:26:21","guid":{"rendered":"https:\/\/thueringer-jagdschule.de\/?page_id=90"},"modified":"2023-10-10T18:17:16","modified_gmt":"2023-10-10T16:17:16","slug":"ausbildungszeiten-kurse","status":"publish","type":"page","link":"https:\/\/thueringer-jagdschule.de\/?page_id=90","title":{"rendered":"Ausbildungszeiten &amp; Kurse"},"content":{"rendered":"<p>[vc_row][vc_column][vc_column_text]<\/p>\n<h3>Kurse<\/h3>\n<p>Unsere Kurse finden vom 01.04. &#8211; 30.09. und vom 01.10. &#8211; 31.03. des jeweiligen Kalenderjahres statt.<\/p>\n<h3>Theorie<\/h3>\n<p>Die Theoretische Ausbildung findet Dienstags und Freitags jeweils von 18:00 &#8211; 21:00 Uhr statt.<\/p>\n<h3>Praxis und Schie\u00dftraining<\/h3>\n<p>Das Praxis- &amp; Schie\u00dftraining ist f\u00fcr den Samstag vorgesehen.<!--more--><\/p>\n<p>Rund um Meiningen mit Th\u00fcringer Jagdschule der J\u00e4gerschaft Meiningen e.V. das Jagen lernen. Maik Deckert steht dir f\u00fcr deine Anliegen zur Verf\u00fcgung. Das Kursangebot umfasst Wiederholerkurse und Abendkurse.<\/p>\n<p>Interesse? Dann \u00a0\u00a0 <img loading=\"lazy\" decoding=\"async\" class=\"alignnone wp-image-300\" src=\"https:\/\/thueringer-jagdschule.de\/wp-content\/uploads\/2023\/09\/gugge_mal.gif\" alt=\"\" width=\"100\" height=\"56\" \/><\/p>\n<p><a href=\"https:\/\/jagdschein.com\/jagdschule\/thueringer-jagdschule-der-jaegerschaft-meiningen\" target=\"_blank\" rel=\"noopener\">https:\/\/jagdschein.com\/jagdschule\/thueringer-jagdschule-der-jaegerschaft-meiningen<\/a><\/p>\n<p><span style=\"color: #808080;\"><em>\u00c4nderungen vorbehalten.<\/em><\/span>[\/vc_column_text][\/vc_column][\/vc_row][vc_row][vc_column][vc_separator color=&#8220;green&#8220;][\/vc_column][\/vc_row][vc_row full_width=&#8220;stretch_row&#8220;][vc_column width=&#8220;5\/6&#8243;][vc_custom_heading text=&#8220;Sichere Hochsitzkonstruktionen&#8220; font_container=&#8220;tag:h2|text_align:left|color:%2381d742&#8243; use_theme_fonts=&#8220;yes&#8220; css_animation=&#8220;flipInX&#8220;][vc_column_text]<\/p>\n<p style=\"text-align: left;\"><span style=\"font-family: arial, helvetica, sans-serif;\">Anleitungen f\u00fcr den Bau von sicheren Hochsitzen<\/span><\/p>\n<p><em><span style=\"font-size: 10pt;\">18. Auflage November 2021<\/span><\/em>[\/vc_column_text][\/vc_column][vc_column width=&#8220;1\/6&#8243;][vc_empty_space][vc_single_image image=&#8220;292&#8243; img_size=&#8220;80&#215;80&#8243; onclick=&#8220;custom_link&#8220; img_link_target=&#8220;_blank&#8220; link=&#8220;https:\/\/thueringer-jagdschule.de\/wp-content\/uploads\/2023\/09\/broschuere-sichere-hochsitzkonstruktion.pdf&#8220;][\/vc_column][\/vc_row][vc_row][vc_column][vc_empty_space][vc_images_carousel images=&#8220;482,480,481,479,478,477,476,474&#8243; img_size=&#8220;650&#215;400&#8243; onclick=&#8220;link_no&#8220; autoplay=&#8220;yes&#8220; hide_pagination_control=&#8220;yes&#8220; wrap=&#8220;yes&#8220;][\/vc_column][\/vc_row]<\/p>\n","protected":false},"excerpt":{"rendered":"<p>[vc_row][vc_column][vc_column_text] Kurse Unsere Kurse finden vom 01.04. &#8211; 30.09. und vom 01.10. &#8211; 31.03. des jeweiligen Kalenderjahres statt. Theorie Die Theoretische Ausbildung findet Dienstags und Freitags jeweils von 18:00 &#8211; 21:00 Uhr statt. Praxis und Schie\u00dftraining Das Praxis- &amp; Schie\u00dftraining ist f\u00fcr den Samstag vorgesehen.<\/p>\n","protected":false},"author":1,"featured_media":0,"parent":0,"menu_order":0,"comment_status":"closed","ping_status":"closed","template":"","meta":{"footnotes":""},"class_list":["post-90","page","type-page","status-publish","hentry"],"_links":{"self":[{"href":"https:\/\/thueringer-jagdschule.de\/index.php?rest_route=\/wp\/v2\/pages\/90","targetHints":{"allow":["GET"]}}],"collection":[{"href":"https:\/\/thueringer-jagdschule.de\/index.php?rest_route=\/wp\/v2\/pages"}],"about":[{"href":"https:\/\/thueringer-jagdschule.de\/index.php?rest_route=\/wp\/v2\/types\/page"}],"author":[{"embeddable":true,"href":"https:\/\/thueringer-jagdschule.de\/index.php?rest_route=\/wp\/v2\/users\/1"}],"replies":[{"embeddable":true,"href":"https:\/\/thueringer-jagdschule.de\/index.php?rest_route=%2Fwp%2Fv2%2Fcomments&post=90"}],"version-history":[{"count":45,"href":"https:\/\/thueringer-jagdschule.de\/index.php?rest_route=\/wp\/v2\/pages\/90\/revisions"}],"predecessor-version":[{"id":492,"href":"https:\/\/thueringer-jagdschule.de\/index.php?rest_route=\/wp\/v2\/pages\/90\/revisions\/492"}],"wp:attachment":[{"href":"https:\/\/thueringer-jagdschule.de\/index.php?rest_route=%2Fwp%2Fv2%2Fmedia&parent=90"}],"curies":[{"name":"wp","href":"https:\/\/api.w.org\/{rel}","templated":true}]}}